{"id":97,"date":"2025-11-29T21:02:05","date_gmt":"2025-11-29T21:02:05","guid":{"rendered":"https:\/\/asistentesvirtuales24-7.com\/?page_id=97"},"modified":"2025-11-30T16:19:15","modified_gmt":"2025-11-30T16:19:15","slug":"contactenos","status":"publish","type":"page","link":"https:\/\/asistentesvirtuales24-7.com\/index.php\/contactenos\/","title":{"rendered":"Cont\u00e1ctenos"},"content":{"rendered":"\t\t<div data-elementor-type=\"wp-page\" data-elementor-id=\"97\" class=\"elementor elementor-97\" data-elementor-post-type=\"page\">\n\t\t\t\t<div class=\"elementor-element elementor-element-ab165a5 e-flex e-con-boxed e-con e-parent\" data-id=\"ab165a5\" data-element_type=\"container\">\n\t\t\t\t\t<div class=\"e-con-inner\">\n\t\t<div class=\"elementor-element elementor-element-8f97bb9 e-con-full e-flex e-con e-child\" data-id=\"8f97bb9\" data-element_type=\"container\">\n\t\t\t\t<div class=\"elementor-element elementor-element-882ac84 elementor-widget elementor-widget-image\" data-id=\"882ac84\" data-element_type=\"widget\" data-widget_type=\"image.default\">\n\t\t\t\t\t\t\t\t\t\t\t\t\t\t\t<img fetchpriority=\"high\" decoding=\"async\" width=\"800\" height=\"800\" src=\"https:\/\/asistentesvirtuales24-7.com\/wp-content\/uploads\/2025\/11\/Atencion-al-cliente.webp\" class=\"attachment-large size-large wp-image-216\" alt=\"\" srcset=\"https:\/\/asistentesvirtuales24-7.com\/wp-content\/uploads\/2025\/11\/Atencion-al-cliente.webp 1024w, https:\/\/asistentesvirtuales24-7.com\/wp-content\/uploads\/2025\/11\/Atencion-al-cliente-300x300.webp 300w, https:\/\/asistentesvirtuales24-7.com\/wp-content\/uploads\/2025\/11\/Atencion-al-cliente-150x150.webp 150w, https:\/\/asistentesvirtuales24-7.com\/wp-content\/uploads\/2025\/11\/Atencion-al-cliente-768x768.webp 768w\" sizes=\"(max-width: 800px) 100vw, 800px\" \/>\t\t\t\t\t\t\t\t\t\t\t\t\t\t\t<\/div>\n\t\t\t\t<div class=\"elementor-element elementor-element-16b569d elementor-widget elementor-widget-text-editor\" data-id=\"16b569d\" data-element_type=\"widget\" data-widget_type=\"text-editor.default\">\n\t\t\t\t\t\t\t\t\t<h4 style=\"text-align: center;\"><strong>Servicio al Cliente<\/strong><\/h4><p style=\"text-align: center;\"><em><span style=\"color: #0000ff;\">Jorge Hern\u00e1ndez<\/span><\/em><\/p>\t\t\t\t\t\t\t\t<\/div>\n\t\t\t\t<div class=\"elementor-element elementor-element-8b7c7ca elementor-align-center elementor-widget elementor-widget-button\" data-id=\"8b7c7ca\" data-element_type=\"widget\" data-widget_type=\"button.default\">\n\t\t\t\t\t\t\t\t\t\t<a class=\"elementor-button elementor-button-link elementor-size-sm\" href=\"https:\/\/wa.me\/50687019191?text=Hola,%20quisiera%20m\u00e1s%20informaci\u00f3n%20sobre%20sus%20servicios\">\n\t\t\t\t\t\t<span class=\"elementor-button-content-wrapper\">\n\t\t\t\t\t\t\t\t\t<span class=\"elementor-button-text\">Contactar Whatsapp<\/span>\n\t\t\t\t\t<\/span>\n\t\t\t\t\t<\/a>\n\t\t\t\t\t\t\t\t<\/div>\n\t\t\t\t<div class=\"elementor-element elementor-element-ca99ec4 elementor-align-center elementor-widget elementor-widget-button\" data-id=\"ca99ec4\" data-element_type=\"widget\" data-widget_type=\"button.default\">\n\t\t\t\t\t\t\t\t\t\t<a class=\"elementor-button elementor-button-link elementor-size-sm\" href=\"mailto:info@asistentesvirtuales24-7.com?subject=Solicitud%20de%20informaci\u00f3n&#038;body=Hola,%20me%20gustar\u00eda%20recibir%20m\u00e1s%20detalles%20sobre%20sus%20servicios.\">\n\t\t\t\t\t\t<span class=\"elementor-button-content-wrapper\">\n\t\t\t\t\t\t\t\t\t<span class=\"elementor-button-text\">Contactar por correo<\/span>\n\t\t\t\t\t<\/span>\n\t\t\t\t\t<\/a>\n\t\t\t\t\t\t\t\t<\/div>\n\t\t\t\t<\/div>\n\t\t<div class=\"elementor-element elementor-element-cf0cbbd e-con-full e-flex e-con e-child\" data-id=\"cf0cbbd\" data-element_type=\"container\">\n\t\t\t\t<div class=\"elementor-element elementor-element-f8e99a2 elementor-widget elementor-widget-image\" data-id=\"f8e99a2\" data-element_type=\"widget\" data-widget_type=\"image.default\">\n\t\t\t\t\t\t\t\t\t\t\t\t\t\t\t<img decoding=\"async\" width=\"800\" height=\"800\" src=\"https:\/\/asistentesvirtuales24-7.com\/wp-content\/uploads\/2025\/11\/Soporte-24-7.webp\" class=\"attachment-large size-large wp-image-217\" alt=\"\" srcset=\"https:\/\/asistentesvirtuales24-7.com\/wp-content\/uploads\/2025\/11\/Soporte-24-7.webp 1024w, https:\/\/asistentesvirtuales24-7.com\/wp-content\/uploads\/2025\/11\/Soporte-24-7-300x300.webp 300w, https:\/\/asistentesvirtuales24-7.com\/wp-content\/uploads\/2025\/11\/Soporte-24-7-150x150.webp 150w, https:\/\/asistentesvirtuales24-7.com\/wp-content\/uploads\/2025\/11\/Soporte-24-7-768x768.webp 768w\" sizes=\"(max-width: 800px) 100vw, 800px\" \/>\t\t\t\t\t\t\t\t\t\t\t\t\t\t\t<\/div>\n\t\t\t\t<div class=\"elementor-element elementor-element-a724889 elementor-widget elementor-widget-text-editor\" data-id=\"a724889\" data-element_type=\"widget\" data-widget_type=\"text-editor.default\">\n\t\t\t\t\t\t\t\t\t<h4 style=\"text-align: center;\"><strong>Soporte 24\/7<\/strong><\/h4><p style=\"text-align: center;\"><em><span style=\"color: #0000ff;\">Daniela Ag\u00fcero<\/span><\/em><\/p>\t\t\t\t\t\t\t\t<\/div>\n\t\t\t\t<div class=\"elementor-element elementor-element-4d5e9af elementor-align-center elementor-widget elementor-widget-button\" data-id=\"4d5e9af\" data-element_type=\"widget\" data-widget_type=\"button.default\">\n\t\t\t\t\t\t\t\t\t\t<a class=\"elementor-button elementor-button-link elementor-size-sm\" href=\"https:\/\/wa.me\/50670601046?text=Hola,%20necesito%20soporte%20con%20mi%20servicio.%20\u00bfMe%20pueden%20ayudar\">\n\t\t\t\t\t\t<span class=\"elementor-button-content-wrapper\">\n\t\t\t\t\t\t\t\t\t<span class=\"elementor-button-text\">Contactar Whatsapp<\/span>\n\t\t\t\t\t<\/span>\n\t\t\t\t\t<\/a>\n\t\t\t\t\t\t\t\t<\/div>\n\t\t\t\t<div class=\"elementor-element elementor-element-598f727 elementor-align-center elementor-widget elementor-widget-button\" data-id=\"598f727\" data-element_type=\"widget\" data-widget_type=\"button.default\">\n\t\t\t\t\t\t\t\t\t\t<a class=\"elementor-button elementor-button-link elementor-size-sm\" href=\"mailto:soporte@asistentesvirtuales24-7.com?subject=Solicitud%20de%20Soporte&#038;body=Hola,%20necesito%20ayuda%20con%20mi%20servicio.%20Por%20favor%20ind\u00edquenme%20los%20pasos%20a%20seguir.\">\n\t\t\t\t\t\t<span class=\"elementor-button-content-wrapper\">\n\t\t\t\t\t\t\t\t\t<span class=\"elementor-button-text\">Contactar por correo<\/span>\n\t\t\t\t\t<\/span>\n\t\t\t\t\t<\/a>\n\t\t\t\t\t\t\t\t<\/div>\n\t\t\t\t<\/div>\n\t\t<div class=\"elementor-element elementor-element-7716846 e-con-full e-flex e-con e-child\" data-id=\"7716846\" data-element_type=\"container\">\n\t\t\t\t<div class=\"elementor-element elementor-element-87ab12a elementor-widget elementor-widget-image\" data-id=\"87ab12a\" data-element_type=\"widget\" data-widget_type=\"image.default\">\n\t\t\t\t\t\t\t\t\t\t\t\t\t\t\t<img decoding=\"async\" width=\"800\" height=\"800\" src=\"https:\/\/asistentesvirtuales24-7.com\/wp-content\/uploads\/2025\/11\/Ventas.webp\" class=\"attachment-large size-large wp-image-218\" alt=\"\" srcset=\"https:\/\/asistentesvirtuales24-7.com\/wp-content\/uploads\/2025\/11\/Ventas.webp 1024w, https:\/\/asistentesvirtuales24-7.com\/wp-content\/uploads\/2025\/11\/Ventas-300x300.webp 300w, https:\/\/asistentesvirtuales24-7.com\/wp-content\/uploads\/2025\/11\/Ventas-150x150.webp 150w, https:\/\/asistentesvirtuales24-7.com\/wp-content\/uploads\/2025\/11\/Ventas-768x768.webp 768w\" sizes=\"(max-width: 800px) 100vw, 800px\" \/>\t\t\t\t\t\t\t\t\t\t\t\t\t\t\t<\/div>\n\t\t\t\t<div class=\"elementor-element elementor-element-f860595 elementor-widget elementor-widget-text-editor\" data-id=\"f860595\" data-element_type=\"widget\" data-widget_type=\"text-editor.default\">\n\t\t\t\t\t\t\t\t\t<h4 style=\"text-align: center;\"><strong>Ventas<\/strong><\/h4><p style=\"text-align: center;\"><em><span style=\"color: #3366ff;\">Esteban Hern\u00e1ndez<\/span><\/em><\/p>\t\t\t\t\t\t\t\t<\/div>\n\t\t\t\t<div class=\"elementor-element elementor-element-38a0c16 elementor-align-center elementor-widget elementor-widget-button\" data-id=\"38a0c16\" data-element_type=\"widget\" data-widget_type=\"button.default\">\n\t\t\t\t\t\t\t\t\t\t<a class=\"elementor-button elementor-button-link elementor-size-sm\" href=\"https:\/\/wa.me\/50687391724?text=Hola,%20estoy%20interesado%20en%20los%20servicios%20de%20Asistentes%20Virtuales%2024\/7.%20\u00bfMe%20pueden%20dar%20m\u00e1s%20detalles\">\n\t\t\t\t\t\t<span class=\"elementor-button-content-wrapper\">\n\t\t\t\t\t\t\t\t\t<span class=\"elementor-button-text\">Contactar whatsapp<\/span>\n\t\t\t\t\t<\/span>\n\t\t\t\t\t<\/a>\n\t\t\t\t\t\t\t\t<\/div>\n\t\t\t\t<div class=\"elementor-element elementor-element-e269fc6 elementor-align-center elementor-widget elementor-widget-button\" data-id=\"e269fc6\" data-element_type=\"widget\" data-widget_type=\"button.default\">\n\t\t\t\t\t\t\t\t\t\t<a class=\"elementor-button elementor-button-link elementor-size-sm\" href=\"mailto:ventas@asistentesvirtuales24-7.com?subject=Informaci\u00f3n%20sobre%20Asistentes%20Virtuales&#038;body=Hola,%20quiero%20m\u00e1s%20detalles%20sobre%20los%20servicios%20de%20Asistentes%20Virtuales%2024\/7.%20Gracias.\">\n\t\t\t\t\t\t<span class=\"elementor-button-content-wrapper\">\n\t\t\t\t\t\t\t\t\t<span class=\"elementor-button-text\">Contactar por correo<\/span>\n\t\t\t\t\t<\/span>\n\t\t\t\t\t<\/a>\n\t\t\t\t\t\t\t\t<\/div>\n\t\t\t\t<\/div>\n\t\t\t\t\t<\/div>\n\t\t\t\t<\/div>\n\t\t<div class=\"elementor-element elementor-element-ce48d87 e-flex e-con-boxed e-con e-parent\" data-id=\"ce48d87\" data-element_type=\"container\">\n\t\t\t\t\t<div class=\"e-con-inner\">\n\t\t\t\t<div class=\"elementor-element elementor-element-8bb887f elementor-button-align-stretch elementor-widget elementor-widget-form\" data-id=\"8bb887f\" data-element_type=\"widget\" data-settings=\"{&quot;step_next_label&quot;:&quot;Siguiente&quot;,&quot;step_previous_label&quot;:&quot;Anterior&quot;,&quot;button_width&quot;:&quot;100&quot;,&quot;step_type&quot;:&quot;number_text&quot;,&quot;step_icon_shape&quot;:&quot;circle&quot;}\" data-widget_type=\"form.default\">\n\t\t\t\t\t\t\t<form class=\"elementor-form\" method=\"post\" name=\"Nuevo formulario\" aria-label=\"Nuevo formulario\">\n\t\t\t<input type=\"hidden\" name=\"post_id\" value=\"97\"\/>\n\t\t\t<input type=\"hidden\" name=\"form_id\" value=\"8bb887f\"\/>\n\t\t\t<input type=\"hidden\" name=\"referer_title\" value=\"Cont\u00e1ctenos\" \/>\n\n\t\t\t\t\t\t\t<input type=\"hidden\" name=\"queried_id\" value=\"97\"\/>\n\t\t\t\n\t\t\t<div class=\"elementor-form-fields-wrapper elementor-labels-above\">\n\t\t\t\t\t\t\t\t<div class=\"elementor-field-type-text elementor-field-group elementor-column elementor-field-group-name elementor-col-50\">\n\t\t\t\t\t\t\t\t\t\t\t\t<label for=\"form-field-name\" class=\"elementor-field-label\">\n\t\t\t\t\t\t\t\tNombre y apellidos\t\t\t\t\t\t\t<\/label>\n\t\t\t\t\t\t\t\t\t\t\t\t\t\t<input size=\"1\" type=\"text\" name=\"form_fields[name]\" id=\"form-field-name\" class=\"elementor-field elementor-size-sm  elementor-field-textual\" placeholder=\"Tu Nombre y apellidos\">\n\t\t\t\t\t\t\t\t\t\t\t<\/div>\n\t\t\t\t\t\t\t\t<div class=\"elementor-field-type-email elementor-field-group elementor-column elementor-field-group-email elementor-col-50 elementor-field-required\">\n\t\t\t\t\t\t\t\t\t\t\t\t<label for=\"form-field-email\" class=\"elementor-field-label\">\n\t\t\t\t\t\t\t\tCorreo electr\u00f3nico\t\t\t\t\t\t\t<\/label>\n\t\t\t\t\t\t\t\t\t\t\t\t\t\t<input size=\"1\" type=\"email\" name=\"form_fields[email]\" id=\"form-field-email\" class=\"elementor-field elementor-size-sm  elementor-field-textual\" placeholder=\"Correo electr\u00f3nico\" required=\"required\">\n\t\t\t\t\t\t\t\t\t\t\t<\/div>\n\t\t\t\t\t\t\t\t<div class=\"elementor-field-type-textarea elementor-field-group elementor-column elementor-field-group-message elementor-col-100\">\n\t\t\t\t\t\t\t\t\t\t\t\t<label for=\"form-field-message\" class=\"elementor-field-label\">\n\t\t\t\t\t\t\t\tMensaje\t\t\t\t\t\t\t<\/label>\n\t\t\t\t\t\t<textarea class=\"elementor-field-textual elementor-field  elementor-size-sm\" name=\"form_fields[message]\" id=\"form-field-message\" rows=\"4\" placeholder=\"Mensaje\"><\/textarea>\t\t\t\t<\/div>\n\t\t\t\t\t\t\t\t<div class=\"elementor-field-group elementor-column elementor-field-type-submit elementor-col-100 e-form__buttons\">\n\t\t\t\t\t<button class=\"elementor-button elementor-size-sm\" type=\"submit\">\n\t\t\t\t\t\t<span class=\"elementor-button-content-wrapper\">\n\t\t\t\t\t\t\t\t\t\t\t\t\t\t\t\t\t\t\t\t\t\t<span class=\"elementor-button-text\">Enviar<\/span>\n\t\t\t\t\t\t\t\t\t\t\t\t\t<\/span>\n\t\t\t\t\t<\/button>\n\t\t\t\t<\/div>\n\t\t\t<\/div>\n\t\t<\/form>\n\t\t\t\t\t\t<\/div>\n\t\t\t\t<div class=\"elementor-element elementor-element-f684aaf elementor-align-right elementor-widget elementor-widget-button\" data-id=\"f684aaf\" data-element_type=\"widget\" data-widget_type=\"button.default\">\n\t\t\t\t\t\t\t\t\t\t<a class=\"elementor-button elementor-button-link elementor-size-sm\" href=\"https:\/\/asistentesvirtuales24-7.com\/\">\n\t\t\t\t\t\t<span class=\"elementor-button-content-wrapper\">\n\t\t\t\t\t\t\t\t\t<span class=\"elementor-button-text\">Ir a Inicio<\/span>\n\t\t\t\t\t<\/span>\n\t\t\t\t\t<\/a>\n\t\t\t\t\t\t\t\t<\/div>\n\t\t\t\t\t<\/div>\n\t\t\t\t<\/div>\n\t\t\t\t<\/div>\n\t\t","protected":false},"excerpt":{"rendered":"<p>Servicio al Cliente Jorge Hern\u00e1ndez Contactar Whatsapp Contactar por correo Soporte 24\/7 Daniela Ag\u00fcero Contactar Whatsapp Contactar por correo Ventas Esteban Hern\u00e1ndez Contactar whatsapp Contactar por correo Ir a Inicio<\/p>\n","protected":false},"author":2,"featured_media":0,"parent":0,"menu_order":0,"comment_status":"closed","ping_status":"closed","template":"","meta":{"footnotes":""},"class_list":["post-97","page","type-page","status-publish","hentry"],"_links":{"self":[{"href":"https:\/\/asistentesvirtuales24-7.com\/index.php\/wp-json\/wp\/v2\/pages\/97","targetHints":{"allow":["GET"]}}],"collection":[{"href":"https:\/\/asistentesvirtuales24-7.com\/index.php\/wp-json\/wp\/v2\/pages"}],"about":[{"href":"https:\/\/asistentesvirtuales24-7.com\/index.php\/wp-json\/wp\/v2\/types\/page"}],"author":[{"embeddable":true,"href":"https:\/\/asistentesvirtuales24-7.com\/index.php\/wp-json\/wp\/v2\/users\/2"}],"replies":[{"embeddable":true,"href":"https:\/\/asistentesvirtuales24-7.com\/index.php\/wp-json\/wp\/v2\/comments?post=97"}],"version-history":[{"count":55,"href":"https:\/\/asistentesvirtuales24-7.com\/index.php\/wp-json\/wp\/v2\/pages\/97\/revisions"}],"predecessor-version":[{"id":346,"href":"https:\/\/asistentesvirtuales24-7.com\/index.php\/wp-json\/wp\/v2\/pages\/97\/revisions\/346"}],"wp:attachment":[{"href":"https:\/\/asistentesvirtuales24-7.com\/index.php\/wp-json\/wp\/v2\/media?parent=97"}],"curies":[{"name":"wp","href":"https:\/\/api.w.org\/{rel}","templated":true}]}}