{"id":86,"date":"2025-11-29T20:59:48","date_gmt":"2025-11-29T20:59:48","guid":{"rendered":"https:\/\/asistentesvirtuales24-7.com\/?page_id=86"},"modified":"2025-11-30T08:19:07","modified_gmt":"2025-11-30T08:19:07","slug":"sobre-nosotros","status":"publish","type":"page","link":"https:\/\/asistentesvirtuales24-7.com\/index.php\/sobre-nosotros\/","title":{"rendered":"Sobre nosotros"},"content":{"rendered":"\t\t<div data-elementor-type=\"wp-page\" data-elementor-id=\"86\" class=\"elementor elementor-86\" data-elementor-post-type=\"page\">\n\t\t\t\t<div class=\"elementor-element elementor-element-7b13f6e e-flex e-con-boxed e-con e-parent\" data-id=\"7b13f6e\" data-element_type=\"container\">\n\t\t\t\t\t<div class=\"e-con-inner\">\n\t\t\t\t<div class=\"elementor-element elementor-element-8d54d22 elementor-widget elementor-widget-image\" data-id=\"8d54d22\" data-element_type=\"widget\" data-widget_type=\"image.default\">\n\t\t\t\t\t\t\t\t\t\t\t\t\t\t\t<img fetchpriority=\"high\" decoding=\"async\" width=\"1024\" height=\"1024\" src=\"https:\/\/asistentesvirtuales24-7.com\/wp-content\/uploads\/2025\/11\/Artguru-text2image-20251129220822.webp\" class=\"attachment-2048x2048 size-2048x2048 wp-image-163\" alt=\"\" srcset=\"https:\/\/asistentesvirtuales24-7.com\/wp-content\/uploads\/2025\/11\/Artguru-text2image-20251129220822.webp 1024w, https:\/\/asistentesvirtuales24-7.com\/wp-content\/uploads\/2025\/11\/Artguru-text2image-20251129220822-300x300.webp 300w, https:\/\/asistentesvirtuales24-7.com\/wp-content\/uploads\/2025\/11\/Artguru-text2image-20251129220822-150x150.webp 150w, https:\/\/asistentesvirtuales24-7.com\/wp-content\/uploads\/2025\/11\/Artguru-text2image-20251129220822-768x768.webp 768w\" sizes=\"(max-width: 1024px) 100vw, 1024px\" \/>\t\t\t\t\t\t\t\t\t\t\t\t\t\t\t<\/div>\n\t\t\t\t<div class=\"elementor-element elementor-element-70382e2 elementor-widget elementor-widget-text-editor\" data-id=\"70382e2\" data-element_type=\"widget\" data-widget_type=\"text-editor.default\">\n\t\t\t\t\t\t\t\t\t<p style=\"padding-left: 40px; text-align: left;\">La gran cantidad de servicios, empresas y profesionales en el mercado costarricense, nos obliga hoy, a automatizar nuestra atenci\u00f3n, un consumidor agresivo, que todo lo quiere ya, es con lo que las empresas, profesionales, deben conquistar hoy en d\u00eda.<\/p>\n<p style=\"padding-left: 40px; text-align: left;\"><br><\/p>\n<p style=\"padding-left: 40px; text-align: left;\">En un mundo que avanza m\u00e1s r\u00e1pido de lo que cualquier empresario, profesional o emprendedor puede atender por s\u00ed solo, por eso naci\u00f3; <strong data-start=\"681\" data-end=\"721\">Agencia de Asistentes Virtuales 24\/7<\/strong>: una soluci\u00f3n creada para quienes necesitan resultados, organizaci\u00f3n y atenci\u00f3n continua\u2026 pero no pueden dividirse en diez personas y bajar los costos operativos. Para nadie es un secreto, que los clientes frescos generan los ingresos frescos para dar un buen servicio.<\/p>\n<p style=\"padding-left: 40px; text-align: left;\"><br><\/p>\n<p style=\"padding-left: 40px; text-align: left;\" data-start=\"856\" data-end=\"1124\"><strong>Hoy los negocios no se detienen.<\/strong><br data-start=\"888\" data-end=\"891\">Los clientes escriben de d\u00eda y de noche, quieren respuestas inmediatas, citas r\u00e1pidas, asistencia, confirmaciones, recordatorios, llamadas\u2026 y si usted no les responde a tiempo, simplemente se van con quien les atiende de primero.<\/p><p style=\"padding-left: 40px; text-align: left;\" data-start=\"856\" data-end=\"1124\"><br><\/p>\n<p style=\"padding-left: 40px; text-align: left;\" data-start=\"1126\" data-end=\"1344\"><strong>Esa es la realidad del mercado actual.<\/strong><\/p>\n<p style=\"padding-left: 40px; text-align: left;\" data-start=\"1126\" data-end=\"1344\">Una realidad que est\u00e1 dejando agotados a cientos de empresarios, profesionales, due\u00f1os de negocios y emprendedores que quieren crecer, pero no tienen el tiempo, el dinero, ni la estructura para hacerlo.<\/p><p style=\"padding-left: 40px; text-align: left;\" data-start=\"1126\" data-end=\"1344\"><br><\/p>\n<p style=\"padding-left: 40px; text-align: left;\" data-start=\"1346\" data-end=\"1383\"><strong data-start=\"1346\" data-end=\"1383\">Y ah\u00ed es donde entramos nosotros.<\/strong><\/p>\n<p style=\"padding-left: 40px; text-align: left;\" data-start=\"1385\" data-end=\"1633\">Somos un equipo especializado de asistentes, formados para atender, agendar, confirmar, hacer seguimiento, llenar citas, remplazar citas canceladas por efectivas, responder consultas, coordinar ventas, entregas y sostener la operaci\u00f3n diaria de su negocio <strong data-start=\"1589\" data-end=\"1630\">las 24 horas, los 7 d\u00edas de la semana<\/strong>.<\/p>\n<p style=\"padding-left: 40px; text-align: left;\" data-start=\"1635\" data-end=\"1901\">Mientras usted duerme, nosotros trabajamos.<br data-start=\"1678\" data-end=\"1681\">Mientras usted atiende lo estrat\u00e9gico, nosotros resolvemos lo operativo.<br data-start=\"1753\" data-end=\"1756\">Mientras su competencia pierde clientes por falta de respuesta, <strong data-start=\"1820\" data-end=\"1901\">nosotros llenamos su agenda y mantenemos viva la conversaci\u00f3n con su p\u00fablico.<\/strong><\/p>\n<p style=\"padding-left: 40px; text-align: left;\" data-start=\"1635\" data-end=\"1901\"><strong data-start=\"1820\" data-end=\"1901\">&nbsp;<\/strong><\/p>\n<p style=\"padding-left: 40px; text-align: left;\" data-start=\"1903\" data-end=\"2017\">Nuestra misi\u00f3n es clara:<br data-start=\"1927\" data-end=\"1930\"><strong data-start=\"1930\" data-end=\"2017\">Que usted nunca pierda una oportunidad por falta de atenci\u00f3n, tiempo o seguimiento.<\/strong><\/p>\n<p style=\"padding-left: 40px; text-align: left;\" data-start=\"2019\" data-end=\"2178\">Porque hoy crecer no depende solo de un buen servicio, sino de estar <strong data-start=\"2088\" data-end=\"2108\">siempre presente<\/strong>, siempre atento, siempre disponible. Y su negocio merece esa ventaja.<\/p>\n<p style=\"padding-left: 40px; text-align: left;\" data-start=\"2180\" data-end=\"2421\">En la Agencia de Asistentes Virtuales 24\/7, trabajamos con un m\u00e9todo \u00e1gil, humano y profesional, un sistema profesional, donde cada asistente comprende el valor de su marca, la importancia de su agenda y la necesidad de ofrecer una experiencia de servicio impecable.<\/p>\n<p style=\"padding-left: 40px; text-align: left;\" data-start=\"2423\" data-end=\"2558\"><strong data-start=\"2423\" data-end=\"2504\">Le ayudamos a recuperar tiempo, ordenar su operaci\u00f3n a bajar gastos y aumentar sus ingresos.<\/strong><br data-start=\"2504\" data-end=\"2507\">Esa es nuestra promesa.<br data-start=\"2530\" data-end=\"2533\">Ese es nuestro trabajo.<\/p>\n<p style=\"padding-left: 40px; text-align: left;\" data-start=\"2560\" data-end=\"2743\">Somos el equipo que sostiene su negocio cuando usted ya no tiene m\u00e1s horas para hacerlo.<br data-start=\"2648\" data-end=\"2651\">Somos su respaldo administrativo.<br data-start=\"2684\" data-end=\"2687\">Somos su ventaja operativa.<br data-start=\"2714\" data-end=\"2717\">Somos su motor silencioso.<\/p>\n<p style=\"padding-left: 40px; text-align: left;\" data-start=\"2745\" data-end=\"2852\"><strong data-start=\"2745\" data-end=\"2852\">Somos Agencia de Asistentes Virtuales 24\/7.<\/strong><strong><br data-start=\"2790\" data-end=\"2793\">Usted atiende lo importante\u2026 nosotros llenamos su agenda.<\/strong><\/p>\t\t\t\t\t\t\t\t<\/div>\n\t\t\t\t\t<\/div>\n\t\t\t\t<\/div>\n\t\t<div class=\"elementor-element elementor-element-a435073 e-flex e-con-boxed e-con e-parent\" data-id=\"a435073\" data-element_type=\"container\">\n\t\t\t\t\t<div class=\"e-con-inner\">\n\t\t\t\t<div class=\"elementor-element elementor-element-c2c4bda elementor-align-right elementor-widget elementor-widget-button\" data-id=\"c2c4bda\" data-element_type=\"widget\" data-widget_type=\"button.default\">\n\t\t\t\t\t\t\t\t\t\t<a class=\"elementor-button elementor-button-link elementor-size-sm\" href=\"https:\/\/asistentesvirtuales24-7.com\/\">\n\t\t\t\t\t\t<span class=\"elementor-button-content-wrapper\">\n\t\t\t\t\t\t\t\t\t<span class=\"elementor-button-text\">Ir a Inicio<\/span>\n\t\t\t\t\t<\/span>\n\t\t\t\t\t<\/a>\n\t\t\t\t\t\t\t\t<\/div>\n\t\t\t\t\t<\/div>\n\t\t\t\t<\/div>\n\t\t\t\t<\/div>\n\t\t","protected":false},"excerpt":{"rendered":"<p>La gran cantidad de servicios, empresas y profesionales en el mercado costarricense, nos obliga hoy, a automatizar nuestra atenci\u00f3n, un consumidor agresivo, que todo lo quiere ya, es con lo que las empresas, profesionales, deben conquistar hoy en d\u00eda. En un mundo que avanza m\u00e1s r\u00e1pido de lo que cualquier empresario, profesional o emprendedor puede [&hellip;]<\/p>\n","protected":false},"author":2,"featured_media":0,"parent":0,"menu_order":0,"comment_status":"closed","ping_status":"closed","template":"","meta":{"footnotes":""},"class_list":["post-86","page","type-page","status-publish","hentry"],"_links":{"self":[{"href":"https:\/\/asistentesvirtuales24-7.com\/index.php\/wp-json\/wp\/v2\/pages\/86","targetHints":{"allow":["GET"]}}],"collection":[{"href":"https:\/\/asistentesvirtuales24-7.com\/index.php\/wp-json\/wp\/v2\/pages"}],"about":[{"href":"https:\/\/asistentesvirtuales24-7.com\/index.php\/wp-json\/wp\/v2\/types\/page"}],"author":[{"embeddable":true,"href":"https:\/\/asistentesvirtuales24-7.com\/index.php\/wp-json\/wp\/v2\/users\/2"}],"replies":[{"embeddable":true,"href":"https:\/\/asistentesvirtuales24-7.com\/index.php\/wp-json\/wp\/v2\/comments?post=86"}],"version-history":[{"count":19,"href":"https:\/\/asistentesvirtuales24-7.com\/index.php\/wp-json\/wp\/v2\/pages\/86\/revisions"}],"predecessor-version":[{"id":305,"href":"https:\/\/asistentesvirtuales24-7.com\/index.php\/wp-json\/wp\/v2\/pages\/86\/revisions\/305"}],"wp:attachment":[{"href":"https:\/\/asistentesvirtuales24-7.com\/index.php\/wp-json\/wp\/v2\/media?parent=86"}],"curies":[{"name":"wp","href":"https:\/\/api.w.org\/{rel}","templated":true}]}}